{"id":28,"date":"2026-04-07T07:05:51","date_gmt":"2026-04-07T07:05:51","guid":{"rendered":"https:\/\/www.2cms.tech\/?page_id=28"},"modified":"2026-04-07T07:44:07","modified_gmt":"2026-04-07T07:44:07","slug":"impressum","status":"publish","type":"page","link":"https:\/\/www.2cms.tech\/?page_id=28","title":{"rendered":"Impressum"},"content":{"rendered":"\n<p>2CMS GmbH<br>Kaiserstr. 150<br>51643 Gummersbach<br><br>Kontakt<br>Telefon: 02261 987600<br>E-Mail: info@2cms.tech<br>Vertretungsberechtigter Gesch\u00e4ftsf\u00fchrer<br>Uwe R\u00f6ger<br><br>Registereintrag<br>Registergericht: Amtsgericht K\u00f6ln HRB 111177<br>Registernummer: DER3306.HRB111177<br><br>Verbraucherstreitbeilegung\/Universalschlichtungsstelle<br>Wir sind nicht bereit und nicht verpflichtet, an einem Streitbeilegungsverfahren vor einer Verbraucherschlichtungsstelle teilzunehmen.<\/p>\n","protected":false},"excerpt":{"rendered":"<p>2CMS GmbHKaiserstr. 15051643 Gummersbach KontaktTelefon: 02261 987600E-Mail: info@2cms.techVertretungsberechtigter Gesch\u00e4ftsf\u00fchrerUwe R\u00f6ger RegistereintragRegistergericht: Amtsgericht K\u00f6ln HRB 111177Registernummer: DER3306.HRB111177 Verbraucherstreitbeilegung\/UniversalschlichtungsstelleWir sind nicht bereit und nicht verpflichtet, an einem Streitbeilegungsverfahren vor einer Verbraucherschlichtungsstelle teilzunehmen.<\/p>\n","protected":false},"author":1,"featured_media":0,"parent":0,"menu_order":0,"comment_status":"closed","ping_status":"closed","template":"","meta":{"footnotes":""},"class_list":["post-28","page","type-page","status-publish","hentry"],"yoast_head":"<!-- This site is optimized with the Yoast SEO plugin v27.3 - https:\/\/yoast.com\/product\/yoast-seo-wordpress\/ -->\n<title>Impressum - 2CMS<\/title>\n<meta name=\"robots\" content=\"index, follow, max-snippet:-1, max-image-preview:large, max-video-preview:-1\" \/>\n<link rel=\"canonical\" href=\"https:\/\/www.2cms.tech\/?page_id=28\" \/>\n<meta property=\"og:locale\" content=\"de_DE\" \/>\n<meta property=\"og:type\" content=\"article\" \/>\n<meta property=\"og:title\" content=\"Impressum - 2CMS\" \/>\n<meta property=\"og:description\" content=\"2CMS GmbHKaiserstr. 15051643 Gummersbach KontaktTelefon: 02261 987600E-Mail: info@2cms.techVertretungsberechtigter Gesch\u00e4ftsf\u00fchrerUwe R\u00f6ger RegistereintragRegistergericht: Amtsgericht K\u00f6ln HRB 111177Registernummer: DER3306.HRB111177 Verbraucherstreitbeilegung\/UniversalschlichtungsstelleWir sind nicht bereit und nicht verpflichtet, an einem Streitbeilegungsverfahren vor einer Verbraucherschlichtungsstelle teilzunehmen.\" \/>\n<meta property=\"og:url\" content=\"https:\/\/www.2cms.tech\/?page_id=28\" \/>\n<meta property=\"og:site_name\" content=\"2CMS\" \/>\n<meta property=\"article:modified_time\" content=\"2026-04-07T07:44:07+00:00\" \/>\n<meta name=\"twitter:card\" content=\"summary_large_image\" \/>\n<meta name=\"twitter:label1\" content=\"Gesch\u00e4tzte Lesezeit\" \/>\n\t<meta name=\"twitter:data1\" content=\"1\u00a0Minute\" \/>\n<script type=\"application\/ld+json\" class=\"yoast-schema-graph\">{\"@context\":\"https:\\\/\\\/schema.org\",\"@graph\":[{\"@type\":\"WebPage\",\"@id\":\"https:\\\/\\\/www.2cms.tech\\\/?page_id=28\",\"url\":\"https:\\\/\\\/www.2cms.tech\\\/?page_id=28\",\"name\":\"Impressum - 2CMS\",\"isPartOf\":{\"@id\":\"https:\\\/\\\/www.2cms.tech\\\/#website\"},\"datePublished\":\"2026-04-07T07:05:51+00:00\",\"dateModified\":\"2026-04-07T07:44:07+00:00\",\"breadcrumb\":{\"@id\":\"https:\\\/\\\/www.2cms.tech\\\/?page_id=28#breadcrumb\"},\"inLanguage\":\"de\",\"potentialAction\":[{\"@type\":\"ReadAction\",\"target\":[\"https:\\\/\\\/www.2cms.tech\\\/?page_id=28\"]}]},{\"@type\":\"BreadcrumbList\",\"@id\":\"https:\\\/\\\/www.2cms.tech\\\/?page_id=28#breadcrumb\",\"itemListElement\":[{\"@type\":\"ListItem\",\"position\":1,\"name\":\"Start\",\"item\":\"https:\\\/\\\/www.2cms.tech\\\/\"},{\"@type\":\"ListItem\",\"position\":2,\"name\":\"Impressum\"}]},{\"@type\":\"WebSite\",\"@id\":\"https:\\\/\\\/www.2cms.tech\\\/#website\",\"url\":\"https:\\\/\\\/www.2cms.tech\\\/\",\"name\":\"2CMS\",\"description\":\"\",\"potentialAction\":[{\"@type\":\"SearchAction\",\"target\":{\"@type\":\"EntryPoint\",\"urlTemplate\":\"https:\\\/\\\/www.2cms.tech\\\/?s={search_term_string}\"},\"query-input\":{\"@type\":\"PropertyValueSpecification\",\"valueRequired\":true,\"valueName\":\"search_term_string\"}}],\"inLanguage\":\"de\"}]}<\/script>\n<!-- \/ Yoast SEO plugin. -->","yoast_head_json":{"title":"Impressum - 2CMS","robots":{"index":"index","follow":"follow","max-snippet":"max-snippet:-1","max-image-preview":"max-image-preview:large","max-video-preview":"max-video-preview:-1"},"canonical":"https:\/\/www.2cms.tech\/?page_id=28","og_locale":"de_DE","og_type":"article","og_title":"Impressum - 2CMS","og_description":"2CMS GmbHKaiserstr. 15051643 Gummersbach KontaktTelefon: 02261 987600E-Mail: info@2cms.techVertretungsberechtigter Gesch\u00e4ftsf\u00fchrerUwe R\u00f6ger RegistereintragRegistergericht: Amtsgericht K\u00f6ln HRB 111177Registernummer: DER3306.HRB111177 Verbraucherstreitbeilegung\/UniversalschlichtungsstelleWir sind nicht bereit und nicht verpflichtet, an einem Streitbeilegungsverfahren vor einer Verbraucherschlichtungsstelle teilzunehmen.","og_url":"https:\/\/www.2cms.tech\/?page_id=28","og_site_name":"2CMS","article_modified_time":"2026-04-07T07:44:07+00:00","twitter_card":"summary_large_image","twitter_misc":{"Gesch\u00e4tzte Lesezeit":"1\u00a0Minute"},"schema":{"@context":"https:\/\/schema.org","@graph":[{"@type":"WebPage","@id":"https:\/\/www.2cms.tech\/?page_id=28","url":"https:\/\/www.2cms.tech\/?page_id=28","name":"Impressum - 2CMS","isPartOf":{"@id":"https:\/\/www.2cms.tech\/#website"},"datePublished":"2026-04-07T07:05:51+00:00","dateModified":"2026-04-07T07:44:07+00:00","breadcrumb":{"@id":"https:\/\/www.2cms.tech\/?page_id=28#breadcrumb"},"inLanguage":"de","potentialAction":[{"@type":"ReadAction","target":["https:\/\/www.2cms.tech\/?page_id=28"]}]},{"@type":"BreadcrumbList","@id":"https:\/\/www.2cms.tech\/?page_id=28#breadcrumb","itemListElement":[{"@type":"ListItem","position":1,"name":"Start","item":"https:\/\/www.2cms.tech\/"},{"@type":"ListItem","position":2,"name":"Impressum"}]},{"@type":"WebSite","@id":"https:\/\/www.2cms.tech\/#website","url":"https:\/\/www.2cms.tech\/","name":"2CMS","description":"","potentialAction":[{"@type":"SearchAction","target":{"@type":"EntryPoint","urlTemplate":"https:\/\/www.2cms.tech\/?s={search_term_string}"},"query-input":{"@type":"PropertyValueSpecification","valueRequired":true,"valueName":"search_term_string"}}],"inLanguage":"de"}]}},"_links":{"self":[{"href":"https:\/\/www.2cms.tech\/index.php?rest_route=\/wp\/v2\/pages\/28","targetHints":{"allow":["GET"]}}],"collection":[{"href":"https:\/\/www.2cms.tech\/index.php?rest_route=\/wp\/v2\/pages"}],"about":[{"href":"https:\/\/www.2cms.tech\/index.php?rest_route=\/wp\/v2\/types\/page"}],"author":[{"embeddable":true,"href":"https:\/\/www.2cms.tech\/index.php?rest_route=\/wp\/v2\/users\/1"}],"replies":[{"embeddable":true,"href":"https:\/\/www.2cms.tech\/index.php?rest_route=%2Fwp%2Fv2%2Fcomments&post=28"}],"version-history":[{"count":2,"href":"https:\/\/www.2cms.tech\/index.php?rest_route=\/wp\/v2\/pages\/28\/revisions"}],"predecessor-version":[{"id":31,"href":"https:\/\/www.2cms.tech\/index.php?rest_route=\/wp\/v2\/pages\/28\/revisions\/31"}],"wp:attachment":[{"href":"https:\/\/www.2cms.tech\/index.php?rest_route=%2Fwp%2Fv2%2Fmedia&parent=28"}],"curies":[{"name":"wp","href":"https:\/\/api.w.org\/{rel}","templated":true}]}}